{"id":220,"date":"2020-06-05T10:25:30","date_gmt":"2020-06-05T10:25:30","guid":{"rendered":"https:\/\/candrakarlholm.com\/?page_id=220"},"modified":"2021-05-18T06:32:08","modified_gmt":"2021-05-18T06:32:08","slug":"individuella-sessioner%e2%80%8b","status":"publish","type":"page","link":"https:\/\/candrakarlholm.com\/en\/individuella-sessioner%e2%80%8b\/","title":{"rendered":"Individuella sessioner\u200b"},"content":{"rendered":"<div data-elementor-type=\"wp-page\" data-elementor-id=\"220\" class=\"elementor elementor-220\" data-elementor-post-type=\"page\">\n\t\t\t\t\t\t<section class=\"elementor-section elementor-top-section elementor-element elementor-element-3d23446a elementor-section-content-middle elementor-section-boxed elementor-section-height-default elementor-section-height-default\" data-id=\"3d23446a\" data-element_type=\"section\">\n\t\t\t\t\t\t<div class=\"elementor-container elementor-column-gap-no\">\n\t\t\t\t\t<div class=\"elementor-column elementor-col-100 elementor-top-column elementor-element elementor-element-66f45723\" data-id=\"66f45723\" data-element_type=\"column\">\n\t\t\t<div class=\"elementor-widget-wrap elementor-element-populated\">\n\t\t\t\t\t\t<div class=\"elementor-element elementor-element-6d47336e elementor-widget elementor-widget-heading\" data-id=\"6d47336e\" data-element_type=\"widget\" data-widget_type=\"heading.default\">\n\t\t\t\t<div class=\"elementor-widget-container\">\n\t\t\t\t\t<h4 class=\"elementor-heading-title elementor-size-default\">Individuella sessioner\u200b<\/h4>\t\t\t\t<\/div>\n\t\t\t\t<\/div>\n\t\t\t\t<div class=\"elementor-element elementor-element-4edc0a78 animated-slow elementor-invisible elementor-widget elementor-widget-text-editor\" data-id=\"4edc0a78\" data-element_type=\"widget\" data-settings=\"{&quot;_animation&quot;:&quot;fadeIn&quot;,&quot;_animation_delay&quot;:400}\" data-widget_type=\"text-editor.default\">\n\t\t\t\t<div class=\"elementor-widget-container\">\n\t\t\t\t\t\t\t\t\t<p class=\"p1\"><span class=\"s1\">Det h\u00e4r \u00e4r en stund vikt \u00e5t utforskande, klarg\u00f6rande och bearbetning av den fr\u00e5ga eller det tema som k\u00e4nns angel\u00e4get f\u00f6r dig just nu.<\/span><\/p>\t\t\t\t\t\t\t\t<\/div>\n\t\t\t\t<\/div>\n\t\t\t\t<div class=\"elementor-element elementor-element-34f0745 elementor-widget-divider--view-line_icon animated-slow elementor-view-default elementor-widget-divider--element-align-center elementor-invisible elementor-widget elementor-widget-divider\" data-id=\"34f0745\" data-element_type=\"widget\" data-settings=\"{&quot;_animation&quot;:&quot;fadeIn&quot;,&quot;_animation_delay&quot;:200}\" data-widget_type=\"divider.default\">\n\t\t\t\t<div class=\"elementor-widget-container\">\n\t\t\t\t\t\t\t<div class=\"elementor-divider\">\n\t\t\t<span class=\"elementor-divider-separator\">\n\t\t\t\t\t\t\t<div class=\"elementor-icon elementor-divider__element\">\n\t\t\t\t\t<svg xmlns=\"http:\/\/www.w3.org\/2000\/svg\" xmlns:xlink=\"http:\/\/www.w3.org\/1999\/xlink\" id=\"Layer_1\" x=\"0px\" y=\"0px\" viewbox=\"0 0 1200 1200\" style=\"enable-background:new 0 0 1200 1200;\" xml:space=\"preserve\"><path d=\"M932.93,271.84C960.11,88.92,754.99-49.62,602.64,60.43C431.85-56.95,240.08,99.24,270.68,266.8  C87.54,239-51.81,444.33,58.48,597.01C-59.61,768.67,98.95,961.62,267.53,928.49c-26.36,182.7,178.53,320.22,330.45,210.47  c170.32,117.15,361.53-38.02,332.19-205.1c182.83,26.7,320.96-178.23,211.02-330.45C1259.05,432.06,1101.2,239.42,932.93,271.84z   M653.91,113.52c112.41-66.58,247.39,49.15,198.32,170.71c-7.49,17.51-19.33,30.53-32.5,43.78c-30.23,30.19-65.01,64.78-94.9,94.74  c-24.14-24.06-48.12-48.2-72.26-72.18c-16.96-18.22-36.45-34.16-51.99-53.56C565.27,234.7,592.5,147.94,653.91,113.52z   M550.57,112.89c-46.07,64.13-51.91,163.22-5.36,230.35c17.67,22.78,40.13,41.61,60.03,62.56c17.91,17.91,35.89,35.89,53.88,53.8  c0.71,0.79,14.44,14.44,14.44,14.44l-72.97,73.05c-61.29-61.77-148.7-148.38-209.6-208.65C264.02,219.32,401.42,30.42,550.57,112.89  z M282.28,347.42c48.92,26.16,84,77.49,124.96,113.83c0.71,0.79,13.57,13.57,13.57,13.57c-24.06,24.14-48.2,48.12-72.18,72.26  c-18.22,17.04-34.16,36.45-53.56,51.99c-62.31,35.31-149.06,8.09-183.49-53.33C44.99,433.32,160.72,298.35,282.28,347.42z   M229.11,859.07c-106.26,1.5-174.81-120.62-118.17-209.99c64.13,46.07,163.22,51.91,230.35,5.36  c22.78-17.67,41.61-40.13,62.56-60.03c17.91-17.91,35.89-35.89,53.8-53.88c0.79-0.71,14.44-14.44,14.44-14.44l73.05,72.97  c-61.77,61.29-148.38,148.7-208.65,209.6C307.52,836.75,270.53,859.07,229.11,859.07z M546.63,1085.87  c-112.33,66.58-247.31-49.15-198.24-170.71c7.49-17.59,19.25-30.53,32.5-43.78c30.23-30.19,65.01-64.78,94.9-94.74  c24.14,24.06,48.12,48.2,72.26,72.18c16.96,18.22,36.45,34.16,51.91,53.56C635.29,964.73,607.99,1051.47,546.63,1085.87z   M650.05,1086.5c46.07-64.13,51.83-163.29,5.36-230.35c-17.66-22.78-40.15-41.62-60.03-62.56c-17.99-17.99-35.97-35.89-53.88-53.8  c-0.71-0.79-14.44-14.44-14.44-14.44l72.97-73.05c61.29,61.77,148.7,148.38,209.6,208.57C936.55,980.1,799.27,1168.95,650.05,1086.5  z M917.39,853c-17.51-7.49-30.53-19.25-43.78-32.5c-30.19-30.2-64.78-64.97-94.74-94.9c24.06-24.14,48.2-48.12,72.18-72.26  c18.22-16.96,34.16-36.45,53.56-51.91c62.31-35.31,149.06-8.09,183.49,53.33C1154.68,767.09,1038.96,902.14,917.39,853z   M1088.73,551.34c-64.13-46.07-163.22-51.83-230.35-5.36c-22.78,17.66-41.62,40.14-62.56,60.03  c-22.29,22.39-46.04,46.12-68.24,68.32l-73.05-72.97c61.77-61.29,148.38-148.7,208.65-209.52c28.87-28.16,65.95-50.41,107.36-50.41  C1076.82,339.84,1145.37,461.96,1088.73,551.34z\"><\/path><\/svg><\/div>\n\t\t\t\t\t\t<\/span>\n\t\t<\/div>\n\t\t\t\t\t\t<\/div>\n\t\t\t\t<\/div>\n\t\t\t\t\t<\/div>\n\t\t<\/div>\n\t\t\t\t\t<\/div>\n\t\t<\/section>\n\t\t\t\t<section class=\"elementor-section elementor-top-section elementor-element elementor-element-4230c58 elementor-section-content-middle elementor-section-boxed elementor-section-height-default elementor-section-height-default\" data-id=\"4230c58\" data-element_type=\"section\">\n\t\t\t\t\t\t<div class=\"elementor-container elementor-column-gap-no\">\n\t\t\t\t\t<div class=\"elementor-column elementor-col-50 elementor-top-column elementor-element elementor-element-3c51ce10\" data-id=\"3c51ce10\" data-element_type=\"column\">\n\t\t\t<div class=\"elementor-widget-wrap elementor-element-populated\">\n\t\t\t\t\t\t<div class=\"elementor-element elementor-element-3c26f583 elementor-widget elementor-widget-icon-box\" data-id=\"3c26f583\" data-element_type=\"widget\" data-widget_type=\"icon-box.default\">\n\t\t\t\t<div class=\"elementor-widget-container\">\n\t\t\t\t\t\t\t<div class=\"elementor-icon-box-wrapper\">\n\n\t\t\t\n\t\t\t\t\t\t<div class=\"elementor-icon-box-content\">\n\n\t\t\t\t\n\t\t\t\t\t\t\t\t\t<p class=\"elementor-icon-box-description\">\n\t\t\t\t\t\tDet kan handla om n\u00e5got du k\u00e4mpar med i dig sj\u00e4lv, i en n\u00e4ra relation eller n\u00e4r det g\u00e4ller ditt arbete och sj\u00e4lvf\u00f6rverkligande.\n<br><br>\nJag bidrar med st\u00f6d och guidning p\u00e5 din utvecklingsresa. Jag anv\u00e4nder mig av metoder som familjekonstellation, zen way of counseling, The Work av Byron Katie och mindfulness m.m. Grunden \u00e4r f\u00f6rst\u00e5s dialog, n\u00e4rvaro och m\u00e4nskligt m\u00f6te. \n<br><br>\nV\u00e4lkommen att kontakta mig f\u00f6r ett konstadsfritt samtal d\u00e5 du kan ber\u00e4tta n\u00e5got om din situation och vad du \u00f6nskar hj\u00e4lp med!\n\n\t\t\t\t\t<\/p>\n\t\t\t\t\n\t\t\t<\/div>\n\t\t\t\n\t\t<\/div>\n\t\t\t\t\t\t<\/div>\n\t\t\t\t<\/div>\n\t\t\t\t\t<\/div>\n\t\t<\/div>\n\t\t\t\t<div class=\"elementor-column elementor-col-50 elementor-top-column elementor-element elementor-element-607e3bf5\" data-id=\"607e3bf5\" data-element_type=\"column\" data-settings=\"{&quot;background_background&quot;:&quot;classic&quot;}\">\n\t\t\t<div class=\"elementor-widget-wrap\">\n\t\t\t\t\t\t\t<\/div>\n\t\t<\/div>\n\t\t\t\t\t<\/div>\n\t\t<\/section>\n\t\t\t\t<section class=\"elementor-section elementor-top-section elementor-element elementor-element-9a35c5 elementor-section-content-middle elementor-section-boxed elementor-section-height-default elementor-section-height-default\" data-id=\"9a35c5\" data-element_type=\"section\" data-settings=\"{&quot;background_background&quot;:&quot;classic&quot;}\">\n\t\t\t\t\t\t<div class=\"elementor-container elementor-column-gap-no\">\n\t\t\t\t\t<div class=\"elementor-column elementor-col-100 elementor-top-column elementor-element elementor-element-362e4a8a\" data-id=\"362e4a8a\" data-element_type=\"column\">\n\t\t\t<div class=\"elementor-widget-wrap elementor-element-populated\">\n\t\t\t\t\t\t<div class=\"elementor-element elementor-element-515a90aa elementor-widget elementor-widget-heading\" data-id=\"515a90aa\" data-element_type=\"widget\" data-widget_type=\"heading.default\">\n\t\t\t\t<div class=\"elementor-widget-container\">\n\t\t\t\t\t<h3 class=\"elementor-heading-title elementor-size-default\">Bokning &amp; F\u00f6rfr\u00e5gningar<\/h3>\t\t\t\t<\/div>\n\t\t\t\t<\/div>\n\t\t\t\t<section class=\"elementor-section elementor-inner-section elementor-element elementor-element-350b7546 elementor-section-content-middle elementor-section-boxed elementor-section-height-default elementor-section-height-default\" data-id=\"350b7546\" data-element_type=\"section\">\n\t\t\t\t\t\t<div class=\"elementor-container elementor-column-gap-no\">\n\t\t\t\t\t<div class=\"elementor-column elementor-col-50 elementor-inner-column elementor-element elementor-element-4870d0d6\" data-id=\"4870d0d6\" data-element_type=\"column\">\n\t\t\t<div class=\"elementor-widget-wrap elementor-element-populated\">\n\t\t\t\t\t\t<div class=\"elementor-element elementor-element-4b78215c elementor-button-align-end elementor-mobile-button-align-center elementor-widget elementor-widget-form\" data-id=\"4b78215c\" data-element_type=\"widget\" data-settings=\"{&quot;step_next_label&quot;:&quot;Next&quot;,&quot;step_previous_label&quot;:&quot;Previous&quot;,&quot;button_width&quot;:&quot;100&quot;,&quot;step_type&quot;:&quot;number_text&quot;,&quot;step_icon_shape&quot;:&quot;circle&quot;}\" data-widget_type=\"form.default\">\n\t\t\t\t<div class=\"elementor-widget-container\">\n\t\t\t\t\t\t\t<form class=\"elementor-form\" method=\"post\" name=\"New Form\" action=\"\">\n\t\t\t<input type=\"hidden\" name=\"post_id\" value=\"220\"\/>\n\t\t\t<input type=\"hidden\" name=\"form_id\" value=\"4b78215c\"\/>\n\t\t\t<input type=\"hidden\" name=\"referer_title\" value=\"Individuella sessioner\u200b\" \/>\n\n\t\t\t\t\t\t\t<input type=\"hidden\" name=\"queried_id\" value=\"220\"\/>\n\t\t\t\n\t\t\t<div class=\"elementor-form-fields-wrapper elementor-labels-\">\n\t\t\t\t\t\t\t\t<div class=\"elementor-field-type-text elementor-field-group elementor-column elementor-field-group-name elementor-col-50 elementor-field-required\">\n\t\t\t\t\t\t\t\t\t\t\t\t<label for=\"form-field-name\" class=\"elementor-field-label elementor-screen-only\">\n\t\t\t\t\t\t\t\tName\t\t\t\t\t\t\t<\/label>\n\t\t\t\t\t\t\t\t\t\t\t\t\t\t<input size=\"1\" type=\"text\" name=\"form_fields[name]\" id=\"form-field-name\" class=\"elementor-field elementor-size-sm  elementor-field-textual\" placeholder=\"Name\" required=\"required\">\n\t\t\t\t\t\t\t\t\t\t\t<\/div>\n\t\t\t\t\t\t\t\t<div class=\"elementor-field-type-email elementor-field-group elementor-column elementor-field-group-email elementor-col-50 elementor-field-required\">\n\t\t\t\t\t\t\t\t\t\t\t\t<label for=\"form-field-email\" class=\"elementor-field-label elementor-screen-only\">\n\t\t\t\t\t\t\t\tE-mail\t\t\t\t\t\t\t<\/label>\n\t\t\t\t\t\t\t\t\t\t\t\t\t\t<input size=\"1\" type=\"email\" name=\"form_fields[email]\" id=\"form-field-email\" class=\"elementor-field elementor-size-sm  elementor-field-textual\" placeholder=\"E-mail\" required=\"required\">\n\t\t\t\t\t\t\t\t\t\t\t<\/div>\n\t\t\t\t\t\t\t\t<div class=\"elementor-field-type-text elementor-field-group elementor-column elementor-field-group-b26ecb6 elementor-col-50 elementor-field-required\">\n\t\t\t\t\t\t\t\t\t\t\t\t<label for=\"form-field-b26ecb6\" class=\"elementor-field-label elementor-screen-only\">\n\t\t\t\t\t\t\t\tTelefon\t\t\t\t\t\t\t<\/label>\n\t\t\t\t\t\t\t\t\t\t\t\t\t\t<input size=\"1\" type=\"text\" name=\"form_fields[b26ecb6]\" id=\"form-field-b26ecb6\" class=\"elementor-field elementor-size-sm  elementor-field-textual\" placeholder=\"Telefon\" required=\"required\">\n\t\t\t\t\t\t\t\t\t\t\t<\/div>\n\t\t\t\t\t\t\t\t<div class=\"elementor-field-type-text elementor-field-group elementor-column elementor-field-group-894019a elementor-col-50\">\n\t\t\t\t\t\t\t\t\t\t\t\t<label for=\"form-field-894019a\" class=\"elementor-field-label elementor-screen-only\">\n\t\t\t\t\t\t\t\tF\u00f6retag\t\t\t\t\t\t\t<\/label>\n\t\t\t\t\t\t\t\t\t\t\t\t\t\t<input size=\"1\" type=\"text\" name=\"form_fields[894019a]\" id=\"form-field-894019a\" class=\"elementor-field elementor-size-sm  elementor-field-textual\" placeholder=\"F\u00f6retag\">\n\t\t\t\t\t\t\t\t\t\t\t<\/div>\n\t\t\t\t\t\t\t\t<div class=\"elementor-field-type-textarea elementor-field-group elementor-column elementor-field-group-message elementor-col-100\">\n\t\t\t\t\t\t\t\t\t\t\t\t<label for=\"form-field-message\" class=\"elementor-field-label elementor-screen-only\">\n\t\t\t\t\t\t\t\tMessage\t\t\t\t\t\t\t<\/label>\n\t\t\t\t\t\t<textarea class=\"elementor-field-textual elementor-field  elementor-size-sm\" name=\"form_fields[message]\" id=\"form-field-message\" rows=\"4\" placeholder=\"Message\"><\/textarea>\t\t\t\t<\/div>\n\t\t\t\t\t\t\t\t<div class=\"elementor-field-group elementor-column elementor-field-type-submit elementor-col-100 e-form__buttons\">\n\t\t\t\t\t<button class=\"elementor-button elementor-size-sm\" type=\"submit\">\n\t\t\t\t\t\t<span class=\"elementor-button-content-wrapper\">\n\t\t\t\t\t\t\t\t\t\t\t\t\t\t\t\t\t\t\t\t\t\t<span class=\"elementor-button-text\">Boka<\/span>\n\t\t\t\t\t\t\t\t\t\t\t\t\t<\/span>\n\t\t\t\t\t<\/button>\n\t\t\t\t<\/div>\n\t\t\t<\/div>\n\t\t<input type=\"hidden\" name=\"trp-form-language\" value=\"en\"\/><\/form>\n\t\t\t\t\t\t<\/div>\n\t\t\t\t<\/div>\n\t\t\t\t\t<\/div>\n\t\t<\/div>\n\t\t\t\t<div class=\"elementor-column elementor-col-50 elementor-inner-column elementor-element elementor-element-f92c28d\" data-id=\"f92c28d\" data-element_type=\"column\" data-settings=\"{&quot;background_background&quot;:&quot;classic&quot;}\">\n\t\t\t<div class=\"elementor-widget-wrap elementor-element-populated\">\n\t\t\t\t\t\t<div class=\"elementor-element elementor-element-6308f0ec elementor-widget elementor-widget-icon-box\" data-id=\"6308f0ec\" data-element_type=\"widget\" data-widget_type=\"icon-box.default\">\n\t\t\t\t<div class=\"elementor-widget-container\">\n\t\t\t\t\t\t\t<div class=\"elementor-icon-box-wrapper\">\n\n\t\t\t\n\t\t\t\t\t\t<div class=\"elementor-icon-box-content\">\n\n\t\t\t\t\t\t\t\t\t<h3 class=\"elementor-icon-box-title\">\n\t\t\t\t\t\t<span  >\n\t\t\t\t\t\t\tGrundpris: 1100 kr\t\t\t\t\t\t<\/span>\n\t\t\t\t\t<\/h3>\n\t\t\t\t\n\t\t\t\t\n\t\t\t<\/div>\n\t\t\t\n\t\t<\/div>\n\t\t\t\t\t\t<\/div>\n\t\t\t\t<\/div>\n\t\t\t\t<div class=\"elementor-element elementor-element-544d8a82 elementor-widget elementor-widget-text-editor\" data-id=\"544d8a82\" data-element_type=\"widget\" data-widget_type=\"text-editor.default\">\n\t\t\t\t<div class=\"elementor-widget-container\">\n\t\t\t\t\t\t\t\t\t<p>Moms tillkommer f\u00f6r f\u00f6retag.<\/p>\t\t\t\t\t\t\t\t<\/div>\n\t\t\t\t<\/div>\n\t\t\t\t\t<\/div>\n\t\t<\/div>\n\t\t\t\t\t<\/div>\n\t\t<\/section>\n\t\t\t\t\t<\/div>\n\t\t<\/div>\n\t\t\t\t\t<\/div>\n\t\t<\/section>\n\t\t\t\t<section class=\"elementor-section elementor-top-section elementor-element elementor-element-121d04e elementor-section-boxed elementor-section-height-default elementor-section-height-default\" data-id=\"121d04e\" data-element_type=\"section\">\n\t\t\t\t\t\t<div class=\"elementor-container elementor-column-gap-no\">\n\t\t\t\t\t<div class=\"elementor-column elementor-col-100 elementor-top-column elementor-element elementor-element-cb36c37\" data-id=\"cb36c37\" data-element_type=\"column\">\n\t\t\t<div class=\"elementor-widget-wrap elementor-element-populated\">\n\t\t\t\t\t\t<div class=\"elementor-element elementor-element-29266fe elementor-testimonial--layout-image_above elementor-testimonial--skin-default elementor-testimonial--align-center elementor-arrows-yes elementor-pagination-type-bullets elementor-widget elementor-widget-testimonial-carousel\" data-id=\"29266fe\" data-element_type=\"widget\" data-settings=\"{&quot;space_between&quot;:{&quot;unit&quot;:&quot;px&quot;,&quot;size&quot;:22,&quot;sizes&quot;:[]},&quot;show_arrows&quot;:&quot;yes&quot;,&quot;pagination&quot;:&quot;bullets&quot;,&quot;speed&quot;:500,&quot;autoplay&quot;:&quot;yes&quot;,&quot;autoplay_speed&quot;:5000,&quot;loop&quot;:&quot;yes&quot;,&quot;pause_on_hover&quot;:&quot;yes&quot;,&quot;pause_on_interaction&quot;:&quot;yes&quot;,&quot;space_between_tablet&quot;:{&quot;unit&quot;:&quot;px&quot;,&quot;size&quot;:10,&quot;sizes&quot;:[]},&quot;space_between_mobile&quot;:{&quot;unit&quot;:&quot;px&quot;,&quot;size&quot;:10,&quot;sizes&quot;:[]}}\" data-widget_type=\"testimonial-carousel.default\">\n\t\t\t\t<div class=\"elementor-widget-container\">\n\t\t\t\t\t\t\t\t\t<div class=\"elementor-swiper\">\n\t\t\t\t\t<div class=\"elementor-main-swiper swiper\" role=\"region\" aria-roledescription=\"carousel\" aria-label=\"Bildspel\">\n\t\t\t\t<div class=\"swiper-wrapper\">\n\t\t\t\t\t\t\t\t\t\t\t<div class=\"swiper-slide\" role=\"group\" aria-roledescription=\"slide\">\n\t\t\t\t\t\t\t\t\t<div class=\"elementor-testimonial\">\n\t\t\t\t\t\t\t<div class=\"elementor-testimonial__content\">\n\t\t\t\t\t<div class=\"elementor-testimonial__text\">\n\t\t\t\t\t\t\u201dCandra har en kombination av en jordn\u00e4ra enkelhet, ett djup och ett stort hj\u00e4rta. Hennes n\u00e4rvaro f\u00f6rmedlar trygghet och hon kan inspirera\u00a0och hj\u00e4lpa m\u00e4nniskor att \u00e4lska sig sj\u00e4lva och finna tillit till att allt \u00e4r v\u00e4l.\u201d \n\t\t\t\t\t<\/div>\n\t\t\t\t\t\t\t\t\t<\/div>\n\t\t\t\t\t\t<div class=\"elementor-testimonial__footer\">\n\t\t\t\t\t\t\t\t\t\t\t<\/div>\n\t\t<\/div>\n\t\t\t\t\t\t\t\t<\/div>\n\t\t\t\t\t\t\t\t\t\t\t<div class=\"swiper-slide\" role=\"group\" aria-roledescription=\"slide\">\n\t\t\t\t\t\t\t\t\t<div class=\"elementor-testimonial\">\n\t\t\t\t\t\t\t<div class=\"elementor-testimonial__content\">\n\t\t\t\t\t<div class=\"elementor-testimonial__text\">\n\t\t\t\t\t\t\u201dJag skulle rekommendera Candra till alla som vill f\u00e5 en klarare uppfattning om var de befinner sig och vart de vill.\u201d\t\t\t\t\t<\/div>\n\t\t\t\t\t\t\t\t\t<\/div>\n\t\t\t\t\t\t<div class=\"elementor-testimonial__footer\">\n\t\t\t\t\t\t\t\t\t\t\t<\/div>\n\t\t<\/div>\n\t\t\t\t\t\t\t\t<\/div>\n\t\t\t\t\t\t\t\t\t\t\t<div class=\"swiper-slide\" role=\"group\" aria-roledescription=\"slide\">\n\t\t\t\t\t\t\t\t\t<div class=\"elementor-testimonial\">\n\t\t\t\t\t\t\t<div class=\"elementor-testimonial__content\">\n\t\t\t\t\t<div class=\"elementor-testimonial__text\">\n\t\t\t\t\t\t\u201dCandra st\u00e5r alltid upp f\u00f6r hj\u00e4rtats v\u00e4g och v\u00e4jer inte f\u00f6r n\u00e5got. Det \u00e4r en inspiration och ger v\u00e4rlden mer av den k\u00e4rlek som vi s\u00e5 v\u00e4l beh\u00f6ver!\u201d\t\t\t\t\t<\/div>\n\t\t\t\t\t\t\t\t\t<\/div>\n\t\t\t\t\t\t<div class=\"elementor-testimonial__footer\">\n\t\t\t\t\t\t\t\t\t\t\t<\/div>\n\t\t<\/div>\n\t\t\t\t\t\t\t\t<\/div>\n\t\t\t\t\t\t\t\t\t\t\t<div class=\"swiper-slide\" role=\"group\" aria-roledescription=\"slide\">\n\t\t\t\t\t\t\t\t\t<div class=\"elementor-testimonial\">\n\t\t\t\t\t\t\t<div class=\"elementor-testimonial__content\">\n\t\t\t\t\t<div class=\"elementor-testimonial__text\">\n\t\t\t\t\t\t\"Candra har ett osedvanligt k\u00e4rleksfull n\u00e4rvaro och kreativ f\u00f6rm\u00e5ga som str\u00e5lar rakt ut ur hennes hj\u00e4rta! Denna utstr\u00e5lning tillsammans med hennes genuina vilja och f\u00f6rm\u00e5ga att inspirera, hj\u00e4lpa, guida och lyfta m\u00e4nniskor genom sitt arbete g\u00f6r henne unik. Hon kan oms\u00e4tta klarsynthet i praktisk handling och det hon ger, ger hon helhj\u00e4rtat. Candra kan helt enkelt konsten att guida dig till ditt hj\u00e4rta s\u00e5 du kan leva i n\u00e4rvaro, gl\u00e4dje och samklang med ditt innersta. Jag \u00e4r s\u00e5 tacksam att ha f\u00e5tt m\u00f6ta Candra och kan rekommendera hennes v\u00e4gledning och arbete \u00e5 det varmaste!\"\t\t\t\t\t<\/div>\n\t\t\t\t\t\t\t\t\t<\/div>\n\t\t\t\t\t\t<div class=\"elementor-testimonial__footer\">\n\t\t\t\t\t\t\t\t\t\t\t<\/div>\n\t\t<\/div>\n\t\t\t\t\t\t\t\t<\/div>\n\t\t\t\t\t\t\t\t\t\t\t<div class=\"swiper-slide\" role=\"group\" aria-roledescription=\"slide\">\n\t\t\t\t\t\t\t\t\t<div class=\"elementor-testimonial\">\n\t\t\t\t\t\t\t<div class=\"elementor-testimonial__content\">\n\t\t\t\t\t<div class=\"elementor-testimonial__text\">\n\t\t\t\t\t\tGenom individuella sessioner med Candra har jag hittat mer mod, klarhet och k\u00e4rlek i mig sj\u00e4lv. \n\nCandra har en fantastisk f\u00f6rm\u00e5ga till n\u00e4rvaro och lyssnande, som f\u00f6rmedlas starkt \u00e4ven i digitala m\u00f6ten. Hon guidar mig till att komma i kontakt med djupare k\u00e4nslor och m\u00f6nster, d\u00e4r verklig transformation kan ske. Sessionerna med Candra har bl.a. bidragit till att jag f\u00f6rb\u00e4ttrat relationer med n\u00e4rst\u00e5ende och f\u00e5tt verktyg att hantera r\u00e4dslor som st\u00e5tt i v\u00e4gen f\u00f6r dr\u00f6mmar och inre l\u00e4ngtan. Candra har ocks\u00e5 v\u00e4glett mig till att se helt nya perspektiv och m\u00f6jligheter! Jag upplever hennes attityd som v\u00e4ldigt k\u00e4rleksfull, \u00f6ppen, icke-d\u00f6mande, nyfiken och grundad. Jag vill ge mina allra varmaste rekommendationer till individuella sessioner med Candra, f\u00f6r mig har det varit som ett skattkista med nya guldkorn varje g\u00e5ng! \t\t\t\t\t<\/div>\n\t\t\t\t\t\t\t\t\t<\/div>\n\t\t\t\t\t\t<div class=\"elementor-testimonial__footer\">\n\t\t\t\t\t\t\t\t\t\t\t<\/div>\n\t\t<\/div>\n\t\t\t\t\t\t\t\t<\/div>\n\t\t\t\t\t\t\t\t\t\t\t<div class=\"swiper-slide\" role=\"group\" aria-roledescription=\"slide\">\n\t\t\t\t\t\t\t\t\t<div class=\"elementor-testimonial\">\n\t\t\t\t\t\t<div class=\"elementor-testimonial__footer\">\n\t\t\t\t\t\t\t\t\t\t\t<\/div>\n\t\t<\/div>\n\t\t\t\t\t\t\t\t<\/div>\n\t\t\t\t\t\t\t\t\t<\/div>\n\t\t\t\t\t\t\t\t\t\t\t\t\t\t\t<div class=\"elementor-swiper-button elementor-swiper-button-prev\" role=\"button\" tabindex=\"0\" aria-label=\"F\u00f6reg\u00e5ende\">\n\t\t\t\t\t\t\t<i aria-hidden=\"true\" class=\"eicon-chevron-left\"><\/i>\t\t\t\t\t\t<\/div>\n\t\t\t\t\t\t<div class=\"elementor-swiper-button elementor-swiper-button-next\" role=\"button\" tabindex=\"0\" aria-label=\"N\u00e4sta\">\n\t\t\t\t\t\t\t<i aria-hidden=\"true\" class=\"eicon-chevron-right\"><\/i>\t\t\t\t\t\t<\/div>\n\t\t\t\t\t\t\t\t\t\t\t\t\t\t\t\t<div class=\"swiper-pagination\"><\/div>\n\t\t\t\t\t\t\t\t\t\t\t\t<\/div>\n\t\t\t\t<\/div>\n\t\t\t\t\t\t\t\t<\/div>\n\t\t\t\t<\/div>\n\t\t\t\t\t<\/div>\n\t\t<\/div>\n\t\t\t\t\t<\/div>\n\t\t<\/section>\n\t\t\t\t<\/div>","protected":false},"excerpt":{"rendered":"<p>Individuella sessioner\u200b Det h\u00e4r \u00e4r en stund vikt \u00e5t utforskande, klarg\u00f6rande och bearbetning av den fr\u00e5ga eller det tema som k\u00e4nns angel\u00e4get f\u00f6r dig just nu. Det kan handla om n\u00e5got du k\u00e4mpar med i dig sj\u00e4lv, i en n\u00e4ra relation eller n\u00e4r det g\u00e4ller ditt arbete och sj\u00e4lvf\u00f6rverkligande. Jag bidrar med st\u00f6d och guidning [&hellip;]<\/p>","protected":false},"author":3,"featured_media":278,"parent":0,"menu_order":0,"comment_status":"closed","ping_status":"closed","template":"","meta":{"footnotes":""},"class_list":["post-220","page","type-page","status-publish","has-post-thumbnail","hentry"],"_links":{"self":[{"href":"https:\/\/candrakarlholm.com\/en\/wp-json\/wp\/v2\/pages\/220","targetHints":{"allow":["GET"]}}],"collection":[{"href":"https:\/\/candrakarlholm.com\/en\/wp-json\/wp\/v2\/pages"}],"about":[{"href":"https:\/\/candrakarlholm.com\/en\/wp-json\/wp\/v2\/types\/page"}],"author":[{"embeddable":true,"href":"https:\/\/candrakarlholm.com\/en\/wp-json\/wp\/v2\/users\/3"}],"replies":[{"embeddable":true,"href":"https:\/\/candrakarlholm.com\/en\/wp-json\/wp\/v2\/comments?post=220"}],"version-history":[{"count":26,"href":"https:\/\/candrakarlholm.com\/en\/wp-json\/wp\/v2\/pages\/220\/revisions"}],"predecessor-version":[{"id":870,"href":"https:\/\/candrakarlholm.com\/en\/wp-json\/wp\/v2\/pages\/220\/revisions\/870"}],"wp:featuredmedia":[{"embeddable":true,"href":"https:\/\/candrakarlholm.com\/en\/wp-json\/wp\/v2\/media\/278"}],"wp:attachment":[{"href":"https:\/\/candrakarlholm.com\/en\/wp-json\/wp\/v2\/media?parent=220"}],"curies":[{"name":"wp","href":"https:\/\/api.w.org\/{rel}","templated":true}]}}