{"id":245,"date":"2020-06-05T12:06:45","date_gmt":"2020-06-05T12:06:45","guid":{"rendered":"https:\/\/candrakarlholm.com\/?page_id=245"},"modified":"2025-11-02T17:26:46","modified_gmt":"2025-11-02T17:26:46","slug":"mindfulness","status":"publish","type":"page","link":"https:\/\/candrakarlholm.com\/en\/mindfulness\/","title":{"rendered":"Mindfulness\u200b"},"content":{"rendered":"<div data-elementor-type=\"wp-page\" data-elementor-id=\"245\" class=\"elementor elementor-245\" data-elementor-post-type=\"page\">\n\t\t\t\t\t\t<section class=\"elementor-section elementor-top-section elementor-element elementor-element-2bdba93e elementor-section-content-middle elementor-section-boxed elementor-section-height-default elementor-section-height-default\" data-id=\"2bdba93e\" data-element_type=\"section\">\n\t\t\t\t\t\t<div class=\"elementor-container elementor-column-gap-no\">\n\t\t\t\t\t<div class=\"elementor-column elementor-col-100 elementor-top-column elementor-element elementor-element-79f93c81\" data-id=\"79f93c81\" data-element_type=\"column\">\n\t\t\t<div class=\"elementor-widget-wrap elementor-element-populated\">\n\t\t\t\t\t\t<div class=\"elementor-element elementor-element-6f4b245d elementor-widget elementor-widget-heading\" data-id=\"6f4b245d\" data-element_type=\"widget\" data-widget_type=\"heading.default\">\n\t\t\t\t<div class=\"elementor-widget-container\">\n\t\t\t\t\t<h4 class=\"elementor-heading-title elementor-size-default\">Mindfulness<\/h4>\t\t\t\t<\/div>\n\t\t\t\t<\/div>\n\t\t\t\t<div class=\"elementor-element elementor-element-1da8b14b animated-slow elementor-invisible elementor-widget elementor-widget-text-editor\" data-id=\"1da8b14b\" data-element_type=\"widget\" data-settings=\"{&quot;_animation&quot;:&quot;fadeIn&quot;,&quot;_animation_delay&quot;:400}\" data-widget_type=\"text-editor.default\">\n\t\t\t\t<div class=\"elementor-widget-container\">\n\t\t\t\t\t\t\t\t\t<p class=\"p1\">Medvetenhet \u00e4r grundf\u00f6ruts\u00e4ttningen f\u00f6r personlig v\u00e4xt.\u00a0<\/p><p class=\"p1\"><br \/>Candra har spelat in m\u00e5nga v\u00e4gledda mindfulness\u00f6vningar som du kan g\u00f6ra d\u00e4r du \u00e4r!<\/p>\t\t\t\t\t\t\t\t<\/div>\n\t\t\t\t<\/div>\n\t\t\t\t<div class=\"elementor-element elementor-element-edb7bd elementor-widget-divider--view-line_icon animated-slow elementor-view-default elementor-widget-divider--element-align-center elementor-invisible elementor-widget elementor-widget-divider\" data-id=\"edb7bd\" data-element_type=\"widget\" data-settings=\"{&quot;_animation&quot;:&quot;fadeIn&quot;,&quot;_animation_delay&quot;:200}\" data-widget_type=\"divider.default\">\n\t\t\t\t<div class=\"elementor-widget-container\">\n\t\t\t\t\t\t\t<div class=\"elementor-divider\">\n\t\t\t<span class=\"elementor-divider-separator\">\n\t\t\t\t\t\t\t<div class=\"elementor-icon elementor-divider__element\">\n\t\t\t\t\t<svg xmlns=\"http:\/\/www.w3.org\/2000\/svg\" xmlns:xlink=\"http:\/\/www.w3.org\/1999\/xlink\" id=\"Layer_1\" x=\"0px\" y=\"0px\" viewbox=\"0 0 1200 1200\" style=\"enable-background:new 0 0 1200 1200;\" xml:space=\"preserve\"><path d=\"M932.93,271.84C960.11,88.92,754.99-49.62,602.64,60.43C431.85-56.95,240.08,99.24,270.68,266.8  C87.54,239-51.81,444.33,58.48,597.01C-59.61,768.67,98.95,961.62,267.53,928.49c-26.36,182.7,178.53,320.22,330.45,210.47  c170.32,117.15,361.53-38.02,332.19-205.1c182.83,26.7,320.96-178.23,211.02-330.45C1259.05,432.06,1101.2,239.42,932.93,271.84z   M653.91,113.52c112.41-66.58,247.39,49.15,198.32,170.71c-7.49,17.51-19.33,30.53-32.5,43.78c-30.23,30.19-65.01,64.78-94.9,94.74  c-24.14-24.06-48.12-48.2-72.26-72.18c-16.96-18.22-36.45-34.16-51.99-53.56C565.27,234.7,592.5,147.94,653.91,113.52z   M550.57,112.89c-46.07,64.13-51.91,163.22-5.36,230.35c17.67,22.78,40.13,41.61,60.03,62.56c17.91,17.91,35.89,35.89,53.88,53.8  c0.71,0.79,14.44,14.44,14.44,14.44l-72.97,73.05c-61.29-61.77-148.7-148.38-209.6-208.65C264.02,219.32,401.42,30.42,550.57,112.89  z M282.28,347.42c48.92,26.16,84,77.49,124.96,113.83c0.71,0.79,13.57,13.57,13.57,13.57c-24.06,24.14-48.2,48.12-72.18,72.26  c-18.22,17.04-34.16,36.45-53.56,51.99c-62.31,35.31-149.06,8.09-183.49-53.33C44.99,433.32,160.72,298.35,282.28,347.42z   M229.11,859.07c-106.26,1.5-174.81-120.62-118.17-209.99c64.13,46.07,163.22,51.91,230.35,5.36  c22.78-17.67,41.61-40.13,62.56-60.03c17.91-17.91,35.89-35.89,53.8-53.88c0.79-0.71,14.44-14.44,14.44-14.44l73.05,72.97  c-61.77,61.29-148.38,148.7-208.65,209.6C307.52,836.75,270.53,859.07,229.11,859.07z M546.63,1085.87  c-112.33,66.58-247.31-49.15-198.24-170.71c7.49-17.59,19.25-30.53,32.5-43.78c30.23-30.19,65.01-64.78,94.9-94.74  c24.14,24.06,48.12,48.2,72.26,72.18c16.96,18.22,36.45,34.16,51.91,53.56C635.29,964.73,607.99,1051.47,546.63,1085.87z   M650.05,1086.5c46.07-64.13,51.83-163.29,5.36-230.35c-17.66-22.78-40.15-41.62-60.03-62.56c-17.99-17.99-35.97-35.89-53.88-53.8  c-0.71-0.79-14.44-14.44-14.44-14.44l72.97-73.05c61.29,61.77,148.7,148.38,209.6,208.57C936.55,980.1,799.27,1168.95,650.05,1086.5  z M917.39,853c-17.51-7.49-30.53-19.25-43.78-32.5c-30.19-30.2-64.78-64.97-94.74-94.9c24.06-24.14,48.2-48.12,72.18-72.26  c18.22-16.96,34.16-36.45,53.56-51.91c62.31-35.31,149.06-8.09,183.49,53.33C1154.68,767.09,1038.96,902.14,917.39,853z   M1088.73,551.34c-64.13-46.07-163.22-51.83-230.35-5.36c-22.78,17.66-41.62,40.14-62.56,60.03  c-22.29,22.39-46.04,46.12-68.24,68.32l-73.05-72.97c61.77-61.29,148.38-148.7,208.65-209.52c28.87-28.16,65.95-50.41,107.36-50.41  C1076.82,339.84,1145.37,461.96,1088.73,551.34z\"><\/path><\/svg><\/div>\n\t\t\t\t\t\t<\/span>\n\t\t<\/div>\n\t\t\t\t\t\t<\/div>\n\t\t\t\t<\/div>\n\t\t\t\t\t<\/div>\n\t\t<\/div>\n\t\t\t\t\t<\/div>\n\t\t<\/section>\n\t\t\t\t<section class=\"elementor-section elementor-top-section elementor-element elementor-element-1135c6a3 elementor-section-content-middle elementor-section-boxed elementor-section-height-default elementor-section-height-default\" data-id=\"1135c6a3\" data-element_type=\"section\">\n\t\t\t\t\t\t<div class=\"elementor-container elementor-column-gap-no\">\n\t\t\t\t\t<div class=\"elementor-column elementor-col-50 elementor-top-column elementor-element elementor-element-439f17a9\" data-id=\"439f17a9\" data-element_type=\"column\">\n\t\t\t<div class=\"elementor-widget-wrap elementor-element-populated\">\n\t\t\t\t\t\t<div class=\"elementor-element elementor-element-2815b062 elementor-widget elementor-widget-icon-box\" data-id=\"2815b062\" data-element_type=\"widget\" data-widget_type=\"icon-box.default\">\n\t\t\t\t<div class=\"elementor-widget-container\">\n\t\t\t\t\t\t\t<div class=\"elementor-icon-box-wrapper\">\n\n\t\t\t\n\t\t\t\t\t\t<div class=\"elementor-icon-box-content\">\n\n\t\t\t\t\n\t\t\t\t\t\t\t\t\t<p class=\"elementor-icon-box-description\">\n\t\t\t\t\t\tVi har alla kapacitet till uth\u00e5llig, hj\u00e4rtlig n\u00e4rvaro och fokus. Men precis som musklerna i kroppen kan det beh\u00f6vas tr\u00e4ning f\u00f6r att st\u00e4rka den f\u00f6rm\u00e5gan. Annars dras vi med i tankestr\u00f6mmen och \u00e4r mentalt n\u00e5gon annan stans ist\u00e4llet f\u00f6r h\u00e4r, d\u00e4r sj\u00e4lva livet faktiskt h\u00e4nder.<br><br>\nForskning visar att det r\u00e4cker med tr\u00e4ning \u00f6ver en 8-veckorsperiod (c:a 25 h) f\u00f6r att f\u00e5 varaktiga, m\u00e4tbara resultat. Men det kan vara sv\u00e5rt att g\u00f6ra meditation till en vana! En kurs eller v\u00e4gledda \u00f6vningar att g\u00f6ra sj\u00e4lv kan vara bra st\u00f6d f\u00f6r att s\u00e4tta ig\u00e5ng, uppr\u00e4tth\u00e5lla en tr\u00e4ning eller f\u00e5 nya ing\u00e5ngar och f\u00f6rdjupande. \t\t\t\t\t<\/p>\n\t\t\t\t\n\t\t\t<\/div>\n\t\t\t\n\t\t<\/div>\n\t\t\t\t\t\t<\/div>\n\t\t\t\t<\/div>\n\t\t\t\t\t<\/div>\n\t\t<\/div>\n\t\t\t\t<div class=\"elementor-column elementor-col-50 elementor-top-column elementor-element elementor-element-373a873\" data-id=\"373a873\" data-element_type=\"column\" data-settings=\"{&quot;background_background&quot;:&quot;classic&quot;}\">\n\t\t\t<div class=\"elementor-widget-wrap\">\n\t\t\t\t\t\t\t<\/div>\n\t\t<\/div>\n\t\t\t\t\t<\/div>\n\t\t<\/section>\n\t\t\t\t<section class=\"elementor-section elementor-top-section elementor-element elementor-element-7d2748c elementor-section-content-middle elementor-section-boxed elementor-section-height-default elementor-section-height-default\" data-id=\"7d2748c\" data-element_type=\"section\" data-settings=\"{&quot;background_background&quot;:&quot;classic&quot;}\">\n\t\t\t\t\t\t<div class=\"elementor-container elementor-column-gap-no\">\n\t\t\t\t\t<div class=\"elementor-column elementor-col-100 elementor-top-column elementor-element elementor-element-d6e7b2\" data-id=\"d6e7b2\" data-element_type=\"column\">\n\t\t\t<div class=\"elementor-widget-wrap elementor-element-populated\">\n\t\t\t\t\t\t<div class=\"elementor-element elementor-element-7d8cfa04 elementor-widget elementor-widget-heading\" data-id=\"7d8cfa04\" data-element_type=\"widget\" data-widget_type=\"heading.default\">\n\t\t\t\t<div class=\"elementor-widget-container\">\n\t\t\t\t\t<h3 class=\"elementor-heading-title elementor-size-default\">Meditera med mig<\/h3>\t\t\t\t<\/div>\n\t\t\t\t<\/div>\n\t\t\t\t<section class=\"elementor-section elementor-inner-section elementor-element elementor-element-63c3c1a5 elementor-section-content-middle elementor-section-boxed elementor-section-height-default elementor-section-height-default\" data-id=\"63c3c1a5\" data-element_type=\"section\">\n\t\t\t\t\t\t<div class=\"elementor-container elementor-column-gap-no\">\n\t\t\t\t\t<div class=\"elementor-column elementor-col-50 elementor-inner-column elementor-element elementor-element-4397ca24\" data-id=\"4397ca24\" data-element_type=\"column\">\n\t\t\t<div class=\"elementor-widget-wrap elementor-element-populated\">\n\t\t\t\t\t\t<div class=\"elementor-element elementor-element-c817c12 elementor-widget elementor-widget-text-editor\" data-id=\"c817c12\" data-element_type=\"widget\" data-widget_type=\"text-editor.default\">\n\t\t\t\t<div class=\"elementor-widget-container\">\n\t\t\t\t\t\t\t\t\t<p>I Mindfulnessappen och p\u00e5 Storytel hittar du mina <strong>inspelade mindfulness\u00f6vningar.<\/strong>\u00a0De har lyssnats till tusentals g\u00e5nger och uppskattas av s\u00e5v\u00e4l nyb\u00f6rjare som erfarna meditat\u00f6rer f\u00f6r en behaglig inl\u00e4sning och en l\u00e4ttbegriplig, praktisk approach.<\/p>\t\t\t\t\t\t\t\t<\/div>\n\t\t\t\t<\/div>\n\t\t\t\t<div class=\"elementor-element elementor-element-54004b1 elementor-align-center animated-slow elementor-invisible elementor-widget elementor-widget-button\" data-id=\"54004b1\" data-element_type=\"widget\" data-settings=\"{&quot;_animation&quot;:&quot;fadeIn&quot;,&quot;_animation_delay&quot;:600}\" data-widget_type=\"button.default\">\n\t\t\t\t<div class=\"elementor-widget-container\">\n\t\t\t\t\t\t\t\t\t<div class=\"elementor-button-wrapper\">\n\t\t\t\t\t<a class=\"elementor-button elementor-button-link elementor-size-md\" href=\"https:\/\/www.themindfulnessapp.com\/\" target=\"_blank\">\n\t\t\t\t\t\t<span class=\"elementor-button-content-wrapper\">\n\t\t\t\t\t\t\t\t\t<span class=\"elementor-button-text\">Mindfulness<\/span>\n\t\t\t\t\t<\/span>\n\t\t\t\t\t<\/a>\n\t\t\t\t<\/div>\n\t\t\t\t\t\t\t\t<\/div>\n\t\t\t\t<\/div>\n\t\t\t\t\t<\/div>\n\t\t<\/div>\n\t\t\t\t<div class=\"elementor-column elementor-col-50 elementor-inner-column elementor-element elementor-element-69534fe9\" data-id=\"69534fe9\" data-element_type=\"column\">\n\t\t\t<div class=\"elementor-widget-wrap\">\n\t\t\t\t\t\t\t<\/div>\n\t\t<\/div>\n\t\t\t\t\t<\/div>\n\t\t<\/section>\n\t\t\t\t\t<\/div>\n\t\t<\/div>\n\t\t\t\t\t<\/div>\n\t\t<\/section>\n\t\t\t\t<\/div>","protected":false},"excerpt":{"rendered":"<p>Mindfulness Medvetenhet \u00e4r grundf\u00f6ruts\u00e4ttningen f\u00f6r personlig v\u00e4xt.\u00a0 Candra har spelat in m\u00e5nga v\u00e4gledda mindfulness\u00f6vningar som du kan g\u00f6ra d\u00e4r du \u00e4r! Vi har alla kapacitet till uth\u00e5llig, hj\u00e4rtlig n\u00e4rvaro och fokus. Men precis som musklerna i kroppen kan det beh\u00f6vas tr\u00e4ning f\u00f6r att st\u00e4rka den f\u00f6rm\u00e5gan. Annars dras vi med i tankestr\u00f6mmen och \u00e4r mentalt [&hellip;]<\/p>","protected":false},"author":3,"featured_media":0,"parent":0,"menu_order":0,"comment_status":"closed","ping_status":"closed","template":"","meta":{"footnotes":""},"class_list":["post-245","page","type-page","status-publish","hentry"],"_links":{"self":[{"href":"https:\/\/candrakarlholm.com\/en\/wp-json\/wp\/v2\/pages\/245","targetHints":{"allow":["GET"]}}],"collection":[{"href":"https:\/\/candrakarlholm.com\/en\/wp-json\/wp\/v2\/pages"}],"about":[{"href":"https:\/\/candrakarlholm.com\/en\/wp-json\/wp\/v2\/types\/page"}],"author":[{"embeddable":true,"href":"https:\/\/candrakarlholm.com\/en\/wp-json\/wp\/v2\/users\/3"}],"replies":[{"embeddable":true,"href":"https:\/\/candrakarlholm.com\/en\/wp-json\/wp\/v2\/comments?post=245"}],"version-history":[{"count":61,"href":"https:\/\/candrakarlholm.com\/en\/wp-json\/wp\/v2\/pages\/245\/revisions"}],"predecessor-version":[{"id":4259,"href":"https:\/\/candrakarlholm.com\/en\/wp-json\/wp\/v2\/pages\/245\/revisions\/4259"}],"wp:attachment":[{"href":"https:\/\/candrakarlholm.com\/en\/wp-json\/wp\/v2\/media?parent=245"}],"curies":[{"name":"wp","href":"https:\/\/api.w.org\/{rel}","templated":true}]}}