{"id":251,"date":"2020-06-05T12:25:34","date_gmt":"2020-06-05T12:25:34","guid":{"rendered":"https:\/\/candrakarlholm.com\/?page_id=251"},"modified":"2020-06-06T06:37:25","modified_gmt":"2020-06-06T06:37:25","slug":"foraldrasamtal-och-forelasningar%e2%80%8b","status":"publish","type":"page","link":"https:\/\/candrakarlholm.com\/en\/foraldrasamtal-och-forelasningar%e2%80%8b\/","title":{"rendered":"F\u00f6r\u00e4ldrasamtal och f\u00f6rel\u00e4sningar\u200b"},"content":{"rendered":"<div data-elementor-type=\"wp-page\" data-elementor-id=\"251\" class=\"elementor elementor-251\" data-elementor-post-type=\"page\">\n\t\t\t\t\t\t<section class=\"elementor-section elementor-top-section elementor-element elementor-element-71d329f3 elementor-section-content-middle elementor-section-boxed elementor-section-height-default elementor-section-height-default\" data-id=\"71d329f3\" data-element_type=\"section\">\n\t\t\t\t\t\t<div class=\"elementor-container elementor-column-gap-no\">\n\t\t\t\t\t<div class=\"elementor-column elementor-col-100 elementor-top-column elementor-element elementor-element-4c39cc85\" data-id=\"4c39cc85\" data-element_type=\"column\">\n\t\t\t<div class=\"elementor-widget-wrap elementor-element-populated\">\n\t\t\t\t\t\t<div class=\"elementor-element elementor-element-6cc1795f elementor-widget elementor-widget-heading\" data-id=\"6cc1795f\" data-element_type=\"widget\" data-widget_type=\"heading.default\">\n\t\t\t\t<div class=\"elementor-widget-container\">\n\t\t\t\t\t<h4 class=\"elementor-heading-title elementor-size-default\">F\u00f6r\u00e4ldrasamtal och f\u00f6rel\u00e4sningar\u200b<\/h4>\t\t\t\t<\/div>\n\t\t\t\t<\/div>\n\t\t\t\t<div class=\"elementor-element elementor-element-1b1767a4 animated-slow elementor-invisible elementor-widget elementor-widget-text-editor\" data-id=\"1b1767a4\" data-element_type=\"widget\" data-settings=\"{&quot;_animation&quot;:&quot;fadeIn&quot;,&quot;_animation_delay&quot;:400}\" data-widget_type=\"text-editor.default\">\n\t\t\t\t<div class=\"elementor-widget-container\">\n\t\t\t\t\t\t\t\t\t<p class=\"p1\"><span class=\"s1\">Alla familjer \u00e4r unika.\u00a0Det\u00a0finns allts\u00e5 ingen\u00a0manual,\u00a0ingen generell steg-f\u00f6r-steg-l\u00f6sning f\u00f6r hur man kan bli\u00a0&#8221;den perfekta familjen&#8221;.<\/span><\/p>\t\t\t\t\t\t\t\t<\/div>\n\t\t\t\t<\/div>\n\t\t\t\t<div class=\"elementor-element elementor-element-2ce3db28 elementor-widget-divider--view-line_icon animated-slow elementor-view-default elementor-widget-divider--element-align-center elementor-invisible elementor-widget elementor-widget-divider\" data-id=\"2ce3db28\" data-element_type=\"widget\" data-settings=\"{&quot;_animation&quot;:&quot;fadeIn&quot;,&quot;_animation_delay&quot;:200}\" data-widget_type=\"divider.default\">\n\t\t\t\t<div class=\"elementor-widget-container\">\n\t\t\t\t\t\t\t<div class=\"elementor-divider\">\n\t\t\t<span class=\"elementor-divider-separator\">\n\t\t\t\t\t\t\t<div class=\"elementor-icon elementor-divider__element\">\n\t\t\t\t\t<svg xmlns=\"http:\/\/www.w3.org\/2000\/svg\" xmlns:xlink=\"http:\/\/www.w3.org\/1999\/xlink\" id=\"Layer_1\" x=\"0px\" y=\"0px\" viewbox=\"0 0 1200 1200\" style=\"enable-background:new 0 0 1200 1200;\" xml:space=\"preserve\"><path d=\"M932.93,271.84C960.11,88.92,754.99-49.62,602.64,60.43C431.85-56.95,240.08,99.24,270.68,266.8  C87.54,239-51.81,444.33,58.48,597.01C-59.61,768.67,98.95,961.62,267.53,928.49c-26.36,182.7,178.53,320.22,330.45,210.47  c170.32,117.15,361.53-38.02,332.19-205.1c182.83,26.7,320.96-178.23,211.02-330.45C1259.05,432.06,1101.2,239.42,932.93,271.84z   M653.91,113.52c112.41-66.58,247.39,49.15,198.32,170.71c-7.49,17.51-19.33,30.53-32.5,43.78c-30.23,30.19-65.01,64.78-94.9,94.74  c-24.14-24.06-48.12-48.2-72.26-72.18c-16.96-18.22-36.45-34.16-51.99-53.56C565.27,234.7,592.5,147.94,653.91,113.52z   M550.57,112.89c-46.07,64.13-51.91,163.22-5.36,230.35c17.67,22.78,40.13,41.61,60.03,62.56c17.91,17.91,35.89,35.89,53.88,53.8  c0.71,0.79,14.44,14.44,14.44,14.44l-72.97,73.05c-61.29-61.77-148.7-148.38-209.6-208.65C264.02,219.32,401.42,30.42,550.57,112.89  z M282.28,347.42c48.92,26.16,84,77.49,124.96,113.83c0.71,0.79,13.57,13.57,13.57,13.57c-24.06,24.14-48.2,48.12-72.18,72.26  c-18.22,17.04-34.16,36.45-53.56,51.99c-62.31,35.31-149.06,8.09-183.49-53.33C44.99,433.32,160.72,298.35,282.28,347.42z   M229.11,859.07c-106.26,1.5-174.81-120.62-118.17-209.99c64.13,46.07,163.22,51.91,230.35,5.36  c22.78-17.67,41.61-40.13,62.56-60.03c17.91-17.91,35.89-35.89,53.8-53.88c0.79-0.71,14.44-14.44,14.44-14.44l73.05,72.97  c-61.77,61.29-148.38,148.7-208.65,209.6C307.52,836.75,270.53,859.07,229.11,859.07z M546.63,1085.87  c-112.33,66.58-247.31-49.15-198.24-170.71c7.49-17.59,19.25-30.53,32.5-43.78c30.23-30.19,65.01-64.78,94.9-94.74  c24.14,24.06,48.12,48.2,72.26,72.18c16.96,18.22,36.45,34.16,51.91,53.56C635.29,964.73,607.99,1051.47,546.63,1085.87z   M650.05,1086.5c46.07-64.13,51.83-163.29,5.36-230.35c-17.66-22.78-40.15-41.62-60.03-62.56c-17.99-17.99-35.97-35.89-53.88-53.8  c-0.71-0.79-14.44-14.44-14.44-14.44l72.97-73.05c61.29,61.77,148.7,148.38,209.6,208.57C936.55,980.1,799.27,1168.95,650.05,1086.5  z M917.39,853c-17.51-7.49-30.53-19.25-43.78-32.5c-30.19-30.2-64.78-64.97-94.74-94.9c24.06-24.14,48.2-48.12,72.18-72.26  c18.22-16.96,34.16-36.45,53.56-51.91c62.31-35.31,149.06-8.09,183.49,53.33C1154.68,767.09,1038.96,902.14,917.39,853z   M1088.73,551.34c-64.13-46.07-163.22-51.83-230.35-5.36c-22.78,17.66-41.62,40.14-62.56,60.03  c-22.29,22.39-46.04,46.12-68.24,68.32l-73.05-72.97c61.77-61.29,148.38-148.7,208.65-209.52c28.87-28.16,65.95-50.41,107.36-50.41  C1076.82,339.84,1145.37,461.96,1088.73,551.34z\"><\/path><\/svg><\/div>\n\t\t\t\t\t\t<\/span>\n\t\t<\/div>\n\t\t\t\t\t\t<\/div>\n\t\t\t\t<\/div>\n\t\t\t\t\t<\/div>\n\t\t<\/div>\n\t\t\t\t\t<\/div>\n\t\t<\/section>\n\t\t\t\t<section class=\"elementor-section elementor-top-section elementor-element elementor-element-58d52867 elementor-section-content-middle elementor-section-boxed elementor-section-height-default elementor-section-height-default\" data-id=\"58d52867\" data-element_type=\"section\">\n\t\t\t\t\t\t<div class=\"elementor-container elementor-column-gap-no\">\n\t\t\t\t\t<div class=\"elementor-column elementor-col-50 elementor-top-column elementor-element elementor-element-2fb9e948\" data-id=\"2fb9e948\" data-element_type=\"column\">\n\t\t\t<div class=\"elementor-widget-wrap elementor-element-populated\">\n\t\t\t\t\t\t<div class=\"elementor-element elementor-element-36498852 elementor-widget elementor-widget-icon-box\" data-id=\"36498852\" data-element_type=\"widget\" data-widget_type=\"icon-box.default\">\n\t\t\t\t<div class=\"elementor-widget-container\">\n\t\t\t\t\t\t\t<div class=\"elementor-icon-box-wrapper\">\n\n\t\t\t\n\t\t\t\t\t\t<div class=\"elementor-icon-box-content\">\n\n\t\t\t\t\n\t\t\t\t\t\t\t\t\t<p class=\"elementor-icon-box-description\">\n\t\t\t\t\t\tD\u00e4remot uppst\u00e5r det f\u00f6r de flesta av oss\u00a0mots\u00e4ttningar och konflikter som faktiskt bottnar i samma grundvillkor. D\u00e4r vi befinner oss\u00a0idag \u00e4r rollerna n\u00e4mligen inte l\u00e4ngre givna\u00a0och det \u00e4r upp till varje enskild familj att avg\u00f6ra hur man vill samspela. En sp\u00e4nnande, men inte alltid s\u00e5 enkel, utmaning.\n<br><br>\nJag \u00e4r seminariehandledare utbildad av Family Lab, f\u00f6rfattaren och familjeterapeuten Jesper Juuls internationella organisation f\u00f6r utbildning, undervisning och r\u00e5dgivning. Jag vill bidra med perspektiv, kunskap, verktyg f\u00f6r f\u00f6r\u00e4ldrar och pedagoger \u2013 men framf\u00f6r allt\u00a0vill jag st\u00e4rka dem och ge dem tillf\u00f6rsikt i sin viktiga uppgift.\n<br><br>\nKontakta mig g\u00e4rna s\u00e5 ber\u00e4ttar jag mer eller tar fram f\u00f6rslag f\u00f6r hur jag skulle kunna hj\u00e4lpa dig\/er!\n\t\t\t\t\t<\/p>\n\t\t\t\t\n\t\t\t<\/div>\n\t\t\t\n\t\t<\/div>\n\t\t\t\t\t\t<\/div>\n\t\t\t\t<\/div>\n\t\t\t\t\t<\/div>\n\t\t<\/div>\n\t\t\t\t<div class=\"elementor-column elementor-col-50 elementor-top-column elementor-element elementor-element-17790200\" data-id=\"17790200\" data-element_type=\"column\" data-settings=\"{&quot;background_background&quot;:&quot;classic&quot;}\">\n\t\t\t<div class=\"elementor-widget-wrap\">\n\t\t\t\t\t\t\t<\/div>\n\t\t<\/div>\n\t\t\t\t\t<\/div>\n\t\t<\/section>\n\t\t\t\t<section class=\"elementor-section elementor-top-section elementor-element elementor-element-7e07bf93 elementor-section-content-middle elementor-section-boxed elementor-section-height-default elementor-section-height-default\" data-id=\"7e07bf93\" data-element_type=\"section\" data-settings=\"{&quot;background_background&quot;:&quot;classic&quot;}\">\n\t\t\t\t\t\t<div class=\"elementor-container elementor-column-gap-no\">\n\t\t\t\t\t<div class=\"elementor-column elementor-col-100 elementor-top-column elementor-element elementor-element-5f1abab7\" data-id=\"5f1abab7\" data-element_type=\"column\">\n\t\t\t<div class=\"elementor-widget-wrap elementor-element-populated\">\n\t\t\t\t\t\t<div class=\"elementor-element elementor-element-18d086d4 elementor-widget elementor-widget-heading\" data-id=\"18d086d4\" data-element_type=\"widget\" data-widget_type=\"heading.default\">\n\t\t\t\t<div class=\"elementor-widget-container\">\n\t\t\t\t\t<h3 class=\"elementor-heading-title elementor-size-default\">Bokning &amp; F\u00f6rfr\u00e5gningar<\/h3>\t\t\t\t<\/div>\n\t\t\t\t<\/div>\n\t\t\t\t<section class=\"elementor-section elementor-inner-section elementor-element elementor-element-42550ead elementor-section-content-middle elementor-section-boxed elementor-section-height-default elementor-section-height-default\" data-id=\"42550ead\" data-element_type=\"section\">\n\t\t\t\t\t\t<div class=\"elementor-container elementor-column-gap-no\">\n\t\t\t\t\t<div class=\"elementor-column elementor-col-50 elementor-inner-column elementor-element elementor-element-95d2d96\" data-id=\"95d2d96\" data-element_type=\"column\">\n\t\t\t<div class=\"elementor-widget-wrap elementor-element-populated\">\n\t\t\t\t\t\t<div class=\"elementor-element elementor-element-2fc467bb elementor-button-align-end elementor-mobile-button-align-center elementor-widget elementor-widget-form\" data-id=\"2fc467bb\" data-element_type=\"widget\" data-settings=\"{&quot;button_width&quot;:&quot;100&quot;,&quot;step_next_label&quot;:&quot;Next&quot;,&quot;step_previous_label&quot;:&quot;Previous&quot;,&quot;step_type&quot;:&quot;number_text&quot;,&quot;step_icon_shape&quot;:&quot;circle&quot;}\" data-widget_type=\"form.default\">\n\t\t\t\t<div class=\"elementor-widget-container\">\n\t\t\t\t\t\t\t<form class=\"elementor-form\" method=\"post\" name=\"New Form\" action=\"\">\n\t\t\t<input type=\"hidden\" name=\"post_id\" value=\"251\"\/>\n\t\t\t<input type=\"hidden\" name=\"form_id\" value=\"2fc467bb\"\/>\n\t\t\t<input type=\"hidden\" name=\"referer_title\" value=\"F\u00f6r\u00e4ldrasamtal och f\u00f6rel\u00e4sningar\u200b\" \/>\n\n\t\t\t\t\t\t\t<input type=\"hidden\" name=\"queried_id\" value=\"251\"\/>\n\t\t\t\n\t\t\t<div class=\"elementor-form-fields-wrapper elementor-labels-\">\n\t\t\t\t\t\t\t\t<div class=\"elementor-field-type-text elementor-field-group elementor-column elementor-field-group-name elementor-col-50 elementor-field-required\">\n\t\t\t\t\t\t\t\t\t\t\t\t<label for=\"form-field-name\" class=\"elementor-field-label elementor-screen-only\">\n\t\t\t\t\t\t\t\tName\t\t\t\t\t\t\t<\/label>\n\t\t\t\t\t\t\t\t\t\t\t\t\t\t<input size=\"1\" type=\"text\" name=\"form_fields[name]\" id=\"form-field-name\" class=\"elementor-field elementor-size-sm  elementor-field-textual\" placeholder=\"Name\" required=\"required\">\n\t\t\t\t\t\t\t\t\t\t\t<\/div>\n\t\t\t\t\t\t\t\t<div class=\"elementor-field-type-email elementor-field-group elementor-column elementor-field-group-email elementor-col-50 elementor-field-required\">\n\t\t\t\t\t\t\t\t\t\t\t\t<label for=\"form-field-email\" class=\"elementor-field-label elementor-screen-only\">\n\t\t\t\t\t\t\t\tE-mail\t\t\t\t\t\t\t<\/label>\n\t\t\t\t\t\t\t\t\t\t\t\t\t\t<input size=\"1\" type=\"email\" name=\"form_fields[email]\" id=\"form-field-email\" class=\"elementor-field elementor-size-sm  elementor-field-textual\" placeholder=\"E-mail\" required=\"required\">\n\t\t\t\t\t\t\t\t\t\t\t<\/div>\n\t\t\t\t\t\t\t\t<div class=\"elementor-field-type-text elementor-field-group elementor-column elementor-field-group-b26ecb6 elementor-col-50 elementor-field-required\">\n\t\t\t\t\t\t\t\t\t\t\t\t<label for=\"form-field-b26ecb6\" class=\"elementor-field-label elementor-screen-only\">\n\t\t\t\t\t\t\t\tTelefon\t\t\t\t\t\t\t<\/label>\n\t\t\t\t\t\t\t\t\t\t\t\t\t\t<input size=\"1\" type=\"text\" name=\"form_fields[b26ecb6]\" id=\"form-field-b26ecb6\" class=\"elementor-field elementor-size-sm  elementor-field-textual\" placeholder=\"Telefon\" required=\"required\">\n\t\t\t\t\t\t\t\t\t\t\t<\/div>\n\t\t\t\t\t\t\t\t<div class=\"elementor-field-type-text elementor-field-group elementor-column elementor-field-group-894019a elementor-col-50\">\n\t\t\t\t\t\t\t\t\t\t\t\t<label for=\"form-field-894019a\" class=\"elementor-field-label elementor-screen-only\">\n\t\t\t\t\t\t\t\tF\u00f6retag\t\t\t\t\t\t\t<\/label>\n\t\t\t\t\t\t\t\t\t\t\t\t\t\t<input size=\"1\" type=\"text\" name=\"form_fields[894019a]\" id=\"form-field-894019a\" class=\"elementor-field elementor-size-sm  elementor-field-textual\" placeholder=\"F\u00f6retag\">\n\t\t\t\t\t\t\t\t\t\t\t<\/div>\n\t\t\t\t\t\t\t\t<div class=\"elementor-field-type-textarea elementor-field-group elementor-column elementor-field-group-message elementor-col-100\">\n\t\t\t\t\t\t\t\t\t\t\t\t<label for=\"form-field-message\" class=\"elementor-field-label elementor-screen-only\">\n\t\t\t\t\t\t\t\tMessage\t\t\t\t\t\t\t<\/label>\n\t\t\t\t\t\t<textarea class=\"elementor-field-textual elementor-field  elementor-size-sm\" name=\"form_fields[message]\" id=\"form-field-message\" rows=\"4\" placeholder=\"Message\"><\/textarea>\t\t\t\t<\/div>\n\t\t\t\t\t\t\t\t<div class=\"elementor-field-group elementor-column elementor-field-type-submit elementor-col-100 e-form__buttons\">\n\t\t\t\t\t<button class=\"elementor-button elementor-size-sm\" type=\"submit\">\n\t\t\t\t\t\t<span class=\"elementor-button-content-wrapper\">\n\t\t\t\t\t\t\t\t\t\t\t\t\t\t\t\t\t\t\t\t\t\t<span class=\"elementor-button-text\">Boka<\/span>\n\t\t\t\t\t\t\t\t\t\t\t\t\t<\/span>\n\t\t\t\t\t<\/button>\n\t\t\t\t<\/div>\n\t\t\t<\/div>\n\t\t<input type=\"hidden\" name=\"trp-form-language\" value=\"en\"\/><\/form>\n\t\t\t\t\t\t<\/div>\n\t\t\t\t<\/div>\n\t\t\t\t\t<\/div>\n\t\t<\/div>\n\t\t\t\t<div class=\"elementor-column elementor-col-50 elementor-inner-column elementor-element elementor-element-2000835b elementor-hidden-desktop elementor-hidden-tablet elementor-hidden-phone\" data-id=\"2000835b\" data-element_type=\"column\" data-settings=\"{&quot;background_background&quot;:&quot;classic&quot;}\">\n\t\t\t<div class=\"elementor-widget-wrap elementor-element-populated\">\n\t\t\t\t\t\t<div class=\"elementor-element elementor-element-2a2c7f86 elementor-widget elementor-widget-icon-box\" data-id=\"2a2c7f86\" data-element_type=\"widget\" data-widget_type=\"icon-box.default\">\n\t\t\t\t<div class=\"elementor-widget-container\">\n\t\t\t\t\t\t\t<div class=\"elementor-icon-box-wrapper\">\n\n\t\t\t\n\t\t\t\t\t\t<div class=\"elementor-icon-box-content\">\n\n\t\t\t\t\t\t\t\t\t<h3 class=\"elementor-icon-box-title\">\n\t\t\t\t\t\t<span  >\n\t\t\t\t\t\t\tGrundris: 750kr\t\t\t\t\t\t<\/span>\n\t\t\t\t\t<\/h3>\n\t\t\t\t\n\t\t\t\t\n\t\t\t<\/div>\n\t\t\t\n\t\t<\/div>\n\t\t\t\t\t\t<\/div>\n\t\t\t\t<\/div>\n\t\t\t\t<div class=\"elementor-element elementor-element-76e10257 elementor-widget elementor-widget-text-editor\" data-id=\"76e10257\" data-element_type=\"widget\" data-widget_type=\"text-editor.default\">\n\t\t\t\t<div class=\"elementor-widget-container\">\n\t\t\t\t\t\t\t\t\t<p>Moms tillkommer f\u00f6r f\u00f6retag.<\/p>\t\t\t\t\t\t\t\t<\/div>\n\t\t\t\t<\/div>\n\t\t\t\t\t<\/div>\n\t\t<\/div>\n\t\t\t\t\t<\/div>\n\t\t<\/section>\n\t\t\t\t\t<\/div>\n\t\t<\/div>\n\t\t\t\t\t<\/div>\n\t\t<\/section>\n\t\t\t\t<section class=\"elementor-section elementor-top-section elementor-element elementor-element-1222630e elementor-section-boxed elementor-section-height-default elementor-section-height-default\" data-id=\"1222630e\" data-element_type=\"section\">\n\t\t\t\t\t\t<div class=\"elementor-container elementor-column-gap-no\">\n\t\t\t\t\t<div class=\"elementor-column elementor-col-100 elementor-top-column elementor-element elementor-element-5e0caa4a\" data-id=\"5e0caa4a\" data-element_type=\"column\">\n\t\t\t<div class=\"elementor-widget-wrap elementor-element-populated\">\n\t\t\t\t\t\t<div class=\"elementor-element elementor-element-e462e1c elementor-testimonial--layout-image_above elementor-testimonial--skin-default elementor-testimonial--align-center elementor-arrows-yes elementor-pagination-type-bullets elementor-widget elementor-widget-testimonial-carousel\" data-id=\"e462e1c\" data-element_type=\"widget\" data-settings=\"{&quot;space_between&quot;:{&quot;unit&quot;:&quot;px&quot;,&quot;size&quot;:22,&quot;sizes&quot;:[]},&quot;show_arrows&quot;:&quot;yes&quot;,&quot;pagination&quot;:&quot;bullets&quot;,&quot;speed&quot;:500,&quot;autoplay&quot;:&quot;yes&quot;,&quot;autoplay_speed&quot;:5000,&quot;loop&quot;:&quot;yes&quot;,&quot;pause_on_hover&quot;:&quot;yes&quot;,&quot;pause_on_interaction&quot;:&quot;yes&quot;,&quot;space_between_tablet&quot;:{&quot;unit&quot;:&quot;px&quot;,&quot;size&quot;:10,&quot;sizes&quot;:[]},&quot;space_between_mobile&quot;:{&quot;unit&quot;:&quot;px&quot;,&quot;size&quot;:10,&quot;sizes&quot;:[]}}\" data-widget_type=\"testimonial-carousel.default\">\n\t\t\t\t<div class=\"elementor-widget-container\">\n\t\t\t\t\t\t\t\t\t<div class=\"elementor-swiper\">\n\t\t\t\t\t<div class=\"elementor-main-swiper swiper\" role=\"region\" aria-roledescription=\"carousel\" aria-label=\"Slides\">\n\t\t\t\t<div class=\"swiper-wrapper\">\n\t\t\t\t\t\t\t\t\t\t\t<div class=\"swiper-slide\" role=\"group\" aria-roledescription=\"slide\">\n\t\t\t\t\t\t\t\t\t<div class=\"elementor-testimonial\">\n\t\t\t\t\t\t\t<div class=\"elementor-testimonial__content\">\n\t\t\t\t\t<div class=\"elementor-testimonial__text\">\n\t\t\t\t\t\t\"V\u00e4ldigt inspirerande och t\u00e4nkv\u00e4rt. Jag fick m\u00e5nga nya infallsvinklar och konkreta r\u00e5d f\u00f6r mitt f\u00f6r\u00e4ldraskap. Vill ha mer! K\u00e4nns v\u00e4ldigt i tiden...m\u00e5nga borde f\u00e5 tillf\u00e4lle att h\u00f6ra dig Candra!\"\t\t\t\t\t<\/div>\n\t\t\t\t\t\t\t\t\t<\/div>\n\t\t\t\t\t\t<div class=\"elementor-testimonial__footer\">\n\t\t\t\t\t\t\t\t\t\t\t<\/div>\n\t\t<\/div>\n\t\t\t\t\t\t\t\t<\/div>\n\t\t\t\t\t\t\t\t\t\t\t<div class=\"swiper-slide\" role=\"group\" aria-roledescription=\"slide\">\n\t\t\t\t\t\t\t\t\t<div class=\"elementor-testimonial\">\n\t\t\t\t\t\t\t<div class=\"elementor-testimonial__content\">\n\t\t\t\t\t<div class=\"elementor-testimonial__text\">\n\t\t\t\t\t\t\"Vi var p\u00e5 Candras kurs \"Living it for parents\" i somras och det st\u00e4rkte oss verkligen i oss sj\u00e4lva och som f\u00f6r\u00e4ldrar. Det \u00f6ppnade f\u00f6r nya f\u00f6rh\u00e5llningss\u00e4tt \u2013 nu ser vi varje \u00f6gonblick med v\u00e5r dotter som en m\u00f6jlighet till utveckling och k\u00e4rleksfullt m\u00f6te, ist\u00e4llet f\u00f6r en str\u00e4van efter att vara \"duktiga f\u00f6r\u00e4ldrar\". Vi fann att genom att vara oss sj\u00e4lva och vara sanna med v\u00e5ra k\u00e4nslor ger vi den b\u00e4sta g\u00e5van till v\u00e5rt barn. D\u00e5 f\u00e5r hon relatera till verkliga personer och inte superpedagoger som bara \"s\u00e4ger r\u00e4tt saker\" \u2013 och det g\u00f6r henne trygg.\u2028Under kursen fick vi deltagare tid att reflektera och m\u00f6ta oss sj\u00e4lva som f\u00f6r\u00e4ldrar och fundera p\u00e5 vilka v\u00e4rderingar som vi vill ska vara levande i v\u00e5ra familjer. Vi fick \u00e4ven praktiska redskap f\u00f6r att hantera situationer med v\u00e5ra barn p\u00e5 ett medvetet s\u00e4tt. Candra ledde gruppen p\u00e5 ett \u00f6ppet och \u00f6dmjukt s\u00e4tt och gav plats \u00e5t alla deltagare. Vi kan verkligen rekommendera att g\u00e5 en kurs med Candra!\"\t\t\t\t\t<\/div>\n\t\t\t\t\t\t\t\t\t<\/div>\n\t\t\t\t\t\t<div class=\"elementor-testimonial__footer\">\n\t\t\t\t\t\t\t\t\t\t\t<\/div>\n\t\t<\/div>\n\t\t\t\t\t\t\t\t<\/div>\n\t\t\t\t\t\t\t\t\t\t\t<div class=\"swiper-slide\" role=\"group\" aria-roledescription=\"slide\">\n\t\t\t\t\t\t\t\t\t<div class=\"elementor-testimonial\">\n\t\t\t\t\t\t\t<div class=\"elementor-testimonial__content\">\n\t\t\t\t\t<div class=\"elementor-testimonial__text\">\n\t\t\t\t\t\t\"Candra kommer med klarhet och v\u00e4rme och \u00e4r verkligen f\u00f6rankrad i det hon f\u00f6rmedlar, det m\u00e4rks att hon brinner f\u00f6r detta\".\t\t\t\t\t<\/div>\n\t\t\t\t\t\t\t\t\t<\/div>\n\t\t\t\t\t\t<div class=\"elementor-testimonial__footer\">\n\t\t\t\t\t\t\t\t\t\t\t<\/div>\n\t\t<\/div>\n\t\t\t\t\t\t\t\t<\/div>\n\t\t\t\t\t\t\t\t\t\t\t<div class=\"swiper-slide\" role=\"group\" aria-roledescription=\"slide\">\n\t\t\t\t\t\t\t\t\t<div class=\"elementor-testimonial\">\n\t\t\t\t\t\t\t<div class=\"elementor-testimonial__content\">\n\t\t\t\t\t<div class=\"elementor-testimonial__text\">\n\t\t\t\t\t\t\"Candra k\u00e4nns v\u00e4ldigt erfaren och professionell, hon ger utrymme till deltagarnas reflektion och st\u00e4ller r\u00e4tt fr\u00e5gor\".\t\t\t\t\t<\/div>\n\t\t\t\t\t\t\t\t\t<\/div>\n\t\t\t\t\t\t<div class=\"elementor-testimonial__footer\">\n\t\t\t\t\t\t\t\t\t\t\t<\/div>\n\t\t<\/div>\n\t\t\t\t\t\t\t\t<\/div>\n\t\t\t\t\t\t\t\t\t<\/div>\n\t\t\t\t\t\t\t\t\t\t\t\t\t\t\t<div class=\"elementor-swiper-button elementor-swiper-button-prev\" role=\"button\" tabindex=\"0\" aria-label=\"Previous\" data-no-translation-aria-label=\"\">\n\t\t\t\t\t\t\t<i aria-hidden=\"true\" class=\"eicon-chevron-left\"><\/i>\t\t\t\t\t\t<\/div>\n\t\t\t\t\t\t<div class=\"elementor-swiper-button elementor-swiper-button-next\" role=\"button\" tabindex=\"0\" aria-label=\"Next\" data-no-translation-aria-label=\"\">\n\t\t\t\t\t\t\t<i aria-hidden=\"true\" class=\"eicon-chevron-right\"><\/i>\t\t\t\t\t\t<\/div>\n\t\t\t\t\t\t\t\t\t\t\t\t\t\t\t\t<div class=\"swiper-pagination\"><\/div>\n\t\t\t\t\t\t\t\t\t\t\t\t<\/div>\n\t\t\t\t<\/div>\n\t\t\t\t\t\t\t\t<\/div>\n\t\t\t\t<\/div>\n\t\t\t\t\t<\/div>\n\t\t<\/div>\n\t\t\t\t\t<\/div>\n\t\t<\/section>\n\t\t\t\t<\/div>","protected":false},"excerpt":{"rendered":"<p>F\u00f6r\u00e4ldrasamtal och f\u00f6rel\u00e4sningar\u200b Alla familjer \u00e4r unika.\u00a0Det\u00a0finns allts\u00e5 ingen\u00a0manual,\u00a0ingen generell steg-f\u00f6r-steg-l\u00f6sning f\u00f6r hur man kan bli\u00a0&#8221;den perfekta familjen&#8221;. D\u00e4remot uppst\u00e5r det f\u00f6r de flesta av oss\u00a0mots\u00e4ttningar och konflikter som faktiskt bottnar i samma grundvillkor. D\u00e4r vi befinner oss\u00a0idag \u00e4r rollerna n\u00e4mligen inte l\u00e4ngre givna\u00a0och det \u00e4r upp till varje enskild familj att avg\u00f6ra hur man [&hellip;]<\/p>","protected":false},"author":3,"featured_media":0,"parent":0,"menu_order":0,"comment_status":"closed","ping_status":"closed","template":"","meta":{"footnotes":""},"class_list":["post-251","page","type-page","status-publish","hentry"],"_links":{"self":[{"href":"https:\/\/candrakarlholm.com\/en\/wp-json\/wp\/v2\/pages\/251","targetHints":{"allow":["GET"]}}],"collection":[{"href":"https:\/\/candrakarlholm.com\/en\/wp-json\/wp\/v2\/pages"}],"about":[{"href":"https:\/\/candrakarlholm.com\/en\/wp-json\/wp\/v2\/types\/page"}],"author":[{"embeddable":true,"href":"https:\/\/candrakarlholm.com\/en\/wp-json\/wp\/v2\/users\/3"}],"replies":[{"embeddable":true,"href":"https:\/\/candrakarlholm.com\/en\/wp-json\/wp\/v2\/comments?post=251"}],"version-history":[{"count":4,"href":"https:\/\/candrakarlholm.com\/en\/wp-json\/wp\/v2\/pages\/251\/revisions"}],"predecessor-version":[{"id":286,"href":"https:\/\/candrakarlholm.com\/en\/wp-json\/wp\/v2\/pages\/251\/revisions\/286"}],"wp:attachment":[{"href":"https:\/\/candrakarlholm.com\/en\/wp-json\/wp\/v2\/media?parent=251"}],"curies":[{"name":"wp","href":"https:\/\/api.w.org\/{rel}","templated":true}]}}